{"id":2,"date":"2010-06-09T13:53:51","date_gmt":"2010-06-09T11:53:51","guid":{"rendered":"http:\/\/blog.mojekonferencje.pl\/?page_id=2"},"modified":"2019-12-16T16:34:50","modified_gmt":"2019-12-16T14:34:50","slug":"informacje","status":"publish","type":"page","link":"https:\/\/www.miejscakonferencyjne.pl\/blog\/informacje\/","title":{"rendered":"O nas"},"content":{"rendered":"<h3 style=\"text-align: left;\" align=\"JUSTIFY\">Na czym to wszystko polega?<\/h3>\n<p align=\"JUSTIFY\">Serwis <strong><a href=\"https:\/\/www.miejscakonferencyjne.pl\/\">MiejscaKonferencyjne.pl<\/a><\/strong> powsta\u0142 z my\u015bl\u0105 o osobach poszukuj\u0105cych miejsca na konferencj\u0119, szkolenie i inne biznesowe spotkania. Gromadzi kilkaset obiekt\u00f3w (hotele, zamki, pa\u0142ace, pensjonaty, obiekty konferencyjne, obiekty szkoleniowe, stadiony, kina, teatry, itp.), w kt\u00f3rych mo\u017cna zorganizowa\u0107 firmowe wydarzenie. Serwis MiejscaKonferencyjne.pl od lat sprawia, \u017ce organizacja konferencji nale\u017cy do rzeczy przyjemnych, a poszukiwanie odpowiedniego miejsca sta\u0142o si\u0119 du\u017co szybsze i \u0142atwiejsze.<\/p>\n<p align=\"JUSTIFY\">Szkolenie nad morzem? Konferencja w g\u00f3rach? Wyjazd firmowy nad jeziorem? Nic prostszego! Wyszukiwarka serwisu MiejscaKonferencyjne.p<strong>l<\/strong> pomo\u017ce u\u017cytkownikom dokona\u0107 wyboru, prezentuj\u0105c d\u0142ug\u0105 list\u0119 pasuj\u0105cych do okazji miejsc. Mog\u0105 oni wybra\u0107 miasto, wojew\u00f3dztwo, region czy typ obiektu.<\/p>\n<p align=\"JUSTIFY\">Portal <strong><a href=\"https:\/\/www.miejscakonferencyjne.pl\/\">MiejscaKonferencyjne.pl<\/a><\/strong> pomaga r\u00f3wnie\u017c hotelarzom i w\u0142a\u015bcicielom obiekt\u00f3w konferencyjnych dotrze\u0107 ze swoj\u0105 ofert\u0105 konferencyjn\u0105 do szerszego grona potencjalnie zainteresowanych os\u00f3b. Dzi\u0119ki reklamie w serwisie pozyskuj\u0105 oni wi\u0119ksz\u0105 liczb\u0119 go\u015bci, kt\u00f3ra chce u nich zorganizowa\u0107 biznesowe spotkanie.<\/p>\n<h3 style=\"text-align: left;\" align=\"JUSTIFY\">Blog serwisu MiejscaKonferencyjne.pl<\/h3>\n<p align=\"JUSTIFY\">Serwis MiejscaKonferencyjne.pl ma pom\u00f3c znale\u017a\u0107 odpowiednie miejsce osobom szukaj\u0105cym obiektu na organizacj\u0119 biznesowego wydarzenia. Blog ma za\u015b na celu pom\u00f3c im w organizacji tego wydarzenia. To forma poradnika, z kt\u00f3rego u\u017cytkownicy dowiedz\u0105 si\u0119, na co zwr\u00f3ci\u0107 uwag\u0119 organizuj\u0105c swoje wydarzenie.<\/p>\n<p align=\"JUSTIFY\">W tym miejscu publikowane b\u0119d\u0105 m.in. artyku\u0142y o nietypowych konferencjach, ciekawych miejscach na imprez\u0119 firmow\u0105, nowo\u015bciach rynkowych, przydatnych trikach i wiele innych wartych przeczytania tre\u015bci. Blog portalu MiejscaKonferencyjne ma przybli\u017cy\u0107 tematyk\u0119 konferencji, szkole\u0144, a tak\u017ce tematyk\u0119 hotelarsk\u0105.<\/p>\n<h2 style=\"text-align: center;\"><\/h2>\n","protected":false},"excerpt":{"rendered":"<p>Na czym to wszystko polega? Serwis MiejscaKonferencyjne.pl powsta\u0142 z my\u015bl\u0105 [&hellip;]<\/p>\n","protected":false},"author":8,"featured_media":1370,"parent":0,"menu_order":0,"comment_status":"closed","ping_status":"closed","template":"","meta":{"_acf_changed":false,"footnotes":""},"class_list":["post-2","page","type-page","status-publish","has-post-thumbnail","hentry","bwp-masonry-item","bwp-blog-col-3"],"acf":[],"yoast_head":"<!-- This site is optimized with the Yoast SEO plugin v26.8 - https:\/\/yoast.com\/product\/yoast-seo-wordpress\/ -->\n<title>O nas - MiejscaKonferencyjne.pl<\/title>\n<meta name=\"description\" content=\"O nas - MiejscaKonferencyjne.pl\" \/>\n<meta name=\"robots\" content=\"index, follow, max-snippet:-1, max-image-preview:large, max-video-preview:-1\" \/>\n<link rel=\"canonical\" href=\"https:\/\/www.miejscakonferencyjne.pl\/blog\/informacje\/\" \/>\n<meta property=\"og:locale\" content=\"pl_PL\" \/>\n<meta property=\"og:type\" content=\"article\" \/>\n<meta property=\"og:title\" content=\"O nas - MiejscaKonferencyjne.pl\" \/>\n<meta property=\"og:description\" content=\"O nas - MiejscaKonferencyjne.pl\" \/>\n<meta property=\"og:url\" content=\"https:\/\/www.miejscakonferencyjne.pl\/blog\/informacje\/\" \/>\n<meta property=\"og:site_name\" content=\"MiejscaKonferencyjne.pl\" \/>\n<meta property=\"article:modified_time\" content=\"2019-12-16T14:34:50+00:00\" \/>\n<meta property=\"og:image\" content=\"https:\/\/www.miejscakonferencyjne.pl\/blog\/wp-content\/uploads\/2019\/06\/customer-experience-3024488_960_720.jpg\" \/>\n\t<meta property=\"og:image:width\" content=\"960\" \/>\n\t<meta property=\"og:image:height\" content=\"698\" \/>\n\t<meta property=\"og:image:type\" content=\"image\/jpeg\" \/>\n<meta name=\"twitter:card\" content=\"summary_large_image\" \/>\n<meta name=\"twitter:label1\" content=\"Szacowany czas czytania\" \/>\n\t<meta name=\"twitter:data1\" content=\"1 minuta\" \/>\n<!-- \/ Yoast SEO plugin. -->","yoast_head_json":{"title":"O nas - MiejscaKonferencyjne.pl","description":"O nas - MiejscaKonferencyjne.pl","robots":{"index":"index","follow":"follow","max-snippet":"max-snippet:-1","max-image-preview":"max-image-preview:large","max-video-preview":"max-video-preview:-1"},"canonical":"https:\/\/www.miejscakonferencyjne.pl\/blog\/informacje\/","og_locale":"pl_PL","og_type":"article","og_title":"O nas - MiejscaKonferencyjne.pl","og_description":"O nas - MiejscaKonferencyjne.pl","og_url":"https:\/\/www.miejscakonferencyjne.pl\/blog\/informacje\/","og_site_name":"MiejscaKonferencyjne.pl","article_modified_time":"2019-12-16T14:34:50+00:00","og_image":[{"width":960,"height":698,"url":"https:\/\/www.miejscakonferencyjne.pl\/blog\/wp-content\/uploads\/2019\/06\/customer-experience-3024488_960_720.jpg","type":"image\/jpeg"}],"twitter_card":"summary_large_image","twitter_misc":{"Szacowany czas czytania":"1 minuta"},"schema":{"@context":"https:\/\/schema.org","@graph":[{"@type":"WebPage","@id":"https:\/\/www.miejscakonferencyjne.pl\/blog\/informacje\/","url":"https:\/\/www.miejscakonferencyjne.pl\/blog\/informacje\/","name":"O nas - MiejscaKonferencyjne.pl","isPartOf":{"@id":"https:\/\/www.miejscakonferencyjne.pl\/blog\/#website"},"primaryImageOfPage":{"@id":"https:\/\/www.miejscakonferencyjne.pl\/blog\/informacje\/#primaryimage"},"image":{"@id":"https:\/\/www.miejscakonferencyjne.pl\/blog\/informacje\/#primaryimage"},"thumbnailUrl":"https:\/\/www.miejscakonferencyjne.pl\/blog\/wp-content\/uploads\/2019\/06\/customer-experience-3024488_960_720.jpg","datePublished":"2010-06-09T11:53:51+00:00","dateModified":"2019-12-16T14:34:50+00:00","description":"O nas - MiejscaKonferencyjne.pl","breadcrumb":{"@id":"https:\/\/www.miejscakonferencyjne.pl\/blog\/informacje\/#breadcrumb"},"inLanguage":"pl-PL","potentialAction":[{"@type":"ReadAction","target":["https:\/\/www.miejscakonferencyjne.pl\/blog\/informacje\/"]}]},{"@type":"ImageObject","inLanguage":"pl-PL","@id":"https:\/\/www.miejscakonferencyjne.pl\/blog\/informacje\/#primaryimage","url":"https:\/\/www.miejscakonferencyjne.pl\/blog\/wp-content\/uploads\/2019\/06\/customer-experience-3024488_960_720.jpg","contentUrl":"https:\/\/www.miejscakonferencyjne.pl\/blog\/wp-content\/uploads\/2019\/06\/customer-experience-3024488_960_720.jpg","width":960,"height":698},{"@type":"BreadcrumbList","@id":"https:\/\/www.miejscakonferencyjne.pl\/blog\/informacje\/#breadcrumb","itemListElement":[{"@type":"ListItem","position":1,"name":"Strona g\u0142\u00f3wna","item":"https:\/\/www.miejscakonferencyjne.pl\/blog\/"},{"@type":"ListItem","position":2,"name":"O nas"}]},{"@type":"WebSite","@id":"https:\/\/www.miejscakonferencyjne.pl\/blog\/#website","url":"https:\/\/www.miejscakonferencyjne.pl\/blog\/","name":"MiejscaKonferencyjne.pl","description":"Dowiedz si\u0119 wszystkiego na temat organizacji konferencji, szkole\u0144 i wydarze\u0144 biznesowych. Komentuj i dziel si\u0119 opini\u0105!","publisher":{"@id":"https:\/\/www.miejscakonferencyjne.pl\/blog\/#organization"},"potentialAction":[{"@type":"SearchAction","target":{"@type":"EntryPoint","urlTemplate":"https:\/\/www.miejscakonferencyjne.pl\/blog\/?s={search_term_string}"},"query-input":{"@type":"PropertyValueSpecification","valueRequired":true,"valueName":"search_term_string"}}],"inLanguage":"pl-PL"},{"@type":"Organization","@id":"https:\/\/www.miejscakonferencyjne.pl\/blog\/#organization","name":"MiejscaKonferencyjne.pl","url":"https:\/\/www.miejscakonferencyjne.pl\/blog\/","logo":{"@type":"ImageObject","inLanguage":"pl-PL","@id":"https:\/\/www.miejscakonferencyjne.pl\/blog\/#\/schema\/logo\/image\/","url":"https:\/\/www.miejscakonferencyjne.pl\/blog\/wp-content\/uploads\/2019\/12\/logo-white.png","contentUrl":"https:\/\/www.miejscakonferencyjne.pl\/blog\/wp-content\/uploads\/2019\/12\/logo-white.png","width":400,"height":63,"caption":"MiejscaKonferencyjne.pl"},"image":{"@id":"https:\/\/www.miejscakonferencyjne.pl\/blog\/#\/schema\/logo\/image\/"}}]}},"_links":{"self":[{"href":"https:\/\/www.miejscakonferencyjne.pl\/blog\/wp-json\/wp\/v2\/pages\/2","targetHints":{"allow":["GET"]}}],"collection":[{"href":"https:\/\/www.miejscakonferencyjne.pl\/blog\/wp-json\/wp\/v2\/pages"}],"about":[{"href":"https:\/\/www.miejscakonferencyjne.pl\/blog\/wp-json\/wp\/v2\/types\/page"}],"author":[{"embeddable":true,"href":"https:\/\/www.miejscakonferencyjne.pl\/blog\/wp-json\/wp\/v2\/users\/8"}],"replies":[{"embeddable":true,"href":"https:\/\/www.miejscakonferencyjne.pl\/blog\/wp-json\/wp\/v2\/comments?post=2"}],"version-history":[{"count":35,"href":"https:\/\/www.miejscakonferencyjne.pl\/blog\/wp-json\/wp\/v2\/pages\/2\/revisions"}],"predecessor-version":[{"id":1565,"href":"https:\/\/www.miejscakonferencyjne.pl\/blog\/wp-json\/wp\/v2\/pages\/2\/revisions\/1565"}],"wp:featuredmedia":[{"embeddable":true,"href":"https:\/\/www.miejscakonferencyjne.pl\/blog\/wp-json\/wp\/v2\/media\/1370"}],"wp:attachment":[{"href":"https:\/\/www.miejscakonferencyjne.pl\/blog\/wp-json\/wp\/v2\/media?parent=2"}],"curies":[{"name":"wp","href":"https:\/\/api.w.org\/{rel}","templated":true}]}}